{"id":1651,"date":"2025-05-08T08:29:30","date_gmt":"2025-05-08T06:29:30","guid":{"rendered":"https:\/\/www.marcalvolgyevt.hu\/?page_id=1651"},"modified":"2025-05-08T10:15:34","modified_gmt":"2025-05-08T08:15:34","slug":"__preisliste-vadaszati-arjegyzek-price-list","status":"publish","type":"page","link":"https:\/\/www.marcalvolgyevt.hu\/de\/__preisliste-vadaszati-arjegyzek-price-list\/","title":{"rendered":"PREISLISTE \/ JAGDPREISLISTE \/ PREISLISTE"},"content":{"rendered":"<pre class=\"wp-block-preformatted\">Liebe Partner, liebe G\u00e4ste!\n\r\nNachstehend finden Sie unsere aktualisierte Jagdpreisliste, die die ab 1. M\u00e4rz 2025 g\u00fcltigen Preise enth\u00e4lt.\n\nDie Preise in der Preisliste enthalten die Mehrwertsteuer. Die Marcal Valley Hunting Company beh\u00e4lt sich das Recht vor, von Fall zu Fall von den in der Preisliste genannten Preisen abzuweichen.\n\nWenn Sie an unserem Angebot interessiert sind, w\u00fcrden wir uns freuen, Sie in unserem Jagdrevier begr\u00fc\u00dfen zu d\u00fcrfen.<\/pre>\n\n\n\n<div data-wp-interactive=\"core\/file\" class=\"wp-block-file\"><object data-wp-bind--hidden=\"!state.hasPdfPreview\" hidden class=\"wp-block-file__embed\" data=\"https:\/\/www.marcalvolgyevt.hu\/wp-content\/uploads\/2025\/05\/Marcal_volgye-VT_magyar_2025.pdf\" type=\"application\/pdf\" style=\"width:100%;height:600px\" aria-label=\"Marcal_volgye-VT_magyar_2025 einbetten.\"><\/object><a id=\"wp-block-file--media-dedbfbbd-dcef-438d-8f8f-df24a657a5e2\" href=\"https:\/\/www.marcalvolgyevt.hu\/wp-content\/uploads\/2025\/05\/Marcal_volgye-VT_magyar_2025.pdf\">Marcal_volgye-VT_magyar_2025<\/a><a href=\"https:\/\/www.marcalvolgyevt.hu\/wp-content\/uploads\/2025\/05\/Marcal_volgye-VT_magyar_2025.pdf\" class=\"wp-block-file__button wp-element-button\" download aria-describedby=\"wp-block-file--media-dedbfbbd-dcef-438d-8f8f-df24a657a5e2\">Herunterladen von<\/a><\/div>\n\n\n\n<pre class=\"wp-block-preformatted\">Liebe Kunden, liebe J\u00e4gerinnen und J\u00e4ger\n\r\nnachstehend finden Sie unsere aktualisierte Jagdpreisliste, die die ab 1. M\u00e4rz 2025 g\u00fcltigen Preise enth\u00e4lt.\n\nDie Preise enthalten die gesetzliche Mehrwertsteuer. Preis- und Programm\u00e4nderungen sind vorbehalten. Die Preise enthalten die gesetzliche Mehrwertsteuer. Preis- und Programm\u00e4nderungen sind vorbehalten.\n\r\nWir w\u00fcnschen Ihnen eine gute Aussicht und ein herzliches Weidmannsheil.<\/pre>\n\n\n\n<div data-wp-interactive=\"core\/file\" class=\"wp-block-file\"><object data-wp-bind--hidden=\"!state.hasPdfPreview\" hidden class=\"wp-block-file__embed\" data=\"https:\/\/www.marcalvolgyevt.hu\/wp-content\/uploads\/2025\/05\/Marcal_volgye-VT_nemet_2025.pdf\" type=\"application\/pdf\" style=\"width:100%;height:600px\" aria-label=\"Marcal_volgye-VT_nemet_2025 einbetten.\"><\/object><a id=\"wp-block-file--media-17cc21db-c77f-4f72-b60e-2b665d889738\" href=\"https:\/\/www.marcalvolgyevt.hu\/wp-content\/uploads\/2025\/05\/Marcal_volgye-VT_nemet_2025.pdf\">Marcal_volgye-VT_nemet_2025<\/a><a href=\"https:\/\/www.marcalvolgyevt.hu\/wp-content\/uploads\/2025\/05\/Marcal_volgye-VT_nemet_2025.pdf\" class=\"wp-block-file__button wp-element-button\" download aria-describedby=\"wp-block-file--media-17cc21db-c77f-4f72-b60e-2b665d889738\">Herunterladen von<\/a><\/div>\n\n\n\n<pre class=\"wp-block-preformatted\">Liebe Partner, liebe G\u00e4ste!\n\r\nNachstehend finden Sie unsere aktualisierte Jagdpreisliste, die die ab 1. M\u00e4rz 2025 g\u00fcltigen Preise enth\u00e4lt.\n\nDie in der Preisliste angegebenen Preise enthalten die Mehrwertsteuer. Die Marcal Valley Hunting Company beh\u00e4lt sich das Recht vor, von Fall zu Fall von den in der Preisliste angegebenen Preisen abzuweichen.\n\r\nWenn Sie sich f\u00fcr unser Angebot interessieren, freuen wir uns darauf, Sie in unserem Jagdrevier begr\u00fc\u00dfen zu d\u00fcrfen.<\/pre>\n\n\n\n<div data-wp-interactive=\"core\/file\" class=\"wp-block-file\"><object data-wp-bind--hidden=\"!state.hasPdfPreview\" hidden class=\"wp-block-file__embed\" data=\"https:\/\/www.marcalvolgyevt.hu\/wp-content\/uploads\/2025\/05\/Marcal_volgye-VT_angol_2025.pdf\" type=\"application\/pdf\" style=\"width:100%;height:600px\" aria-label=\"Marcal_volgye-VT_angol_2025 einbetten.\"><\/object><a id=\"wp-block-file--media-35d240bf-8981-4fe7-96d0-394ee338ce09\" href=\"https:\/\/www.marcalvolgyevt.hu\/wp-content\/uploads\/2025\/05\/Marcal_volgye-VT_angol_2025.pdf\">Marcal_volgye-VT_angol_2025<\/a><a href=\"https:\/\/www.marcalvolgyevt.hu\/wp-content\/uploads\/2025\/05\/Marcal_volgye-VT_angol_2025.pdf\" class=\"wp-block-file__button wp-element-button\" download aria-describedby=\"wp-block-file--media-35d240bf-8981-4fe7-96d0-394ee338ce09\">Herunterladen von<\/a><\/div>","protected":false},"excerpt":{"rendered":"<p>Liebe Partner, liebe G\u00e4ste! Nachstehend finden Sie unsere aktualisierte Jagdpreisliste, die die ab 1. M\u00e4rz 2025 g\u00fcltigen Preise enth\u00e4lt. Die Preise in der Preisliste enthalten die Mehrwertsteuer. Die Marcal Valley Hunting Company beh\u00e4lt sich das Recht vor, von Fall zu Fall von den in der Preisliste genannten Preisen abzuweichen. Wenn Sie an unserem Angebot interessiert sind, w\u00fcrden wir uns freuen, Sie in unserem Jagdrevier begr\u00fc\u00dfen zu d\u00fcrfen. Liebe Kunden, liebe J\u00e4ger, ... <a title=\"PREISLISTE \/ JAGDPREISLISTE \/ PREISLISTE\" class=\"read-more\" href=\"https:\/\/www.marcalvolgyevt.hu\/de\/__preisliste-vadaszati-arjegyzek-price-list\/\" aria-label=\"F\u00fcr weitere Informationen siehe PREISLISTE \/ VAD\u00c1S\u00c1SZATI \u00c1RJEGYZ\u00c9K \/ PREISLISTE\">Mehr lesen<\/a><\/p>","protected":false},"author":2,"featured_media":0,"parent":0,"menu_order":0,"comment_status":"closed","ping_status":"closed","template":"","meta":{"footnotes":""},"class_list":["post-1651","page","type-page","status-publish"],"_links":{"self":[{"href":"https:\/\/www.marcalvolgyevt.hu\/de\/wp-json\/wp\/v2\/pages\/1651","targetHints":{"allow":["GET"]}}],"collection":[{"href":"https:\/\/www.marcalvolgyevt.hu\/de\/wp-json\/wp\/v2\/pages"}],"about":[{"href":"https:\/\/www.marcalvolgyevt.hu\/de\/wp-json\/wp\/v2\/types\/page"}],"author":[{"embeddable":true,"href":"https:\/\/www.marcalvolgyevt.hu\/de\/wp-json\/wp\/v2\/users\/2"}],"replies":[{"embeddable":true,"href":"https:\/\/www.marcalvolgyevt.hu\/de\/wp-json\/wp\/v2\/comments?post=1651"}],"version-history":[{"count":2,"href":"https:\/\/www.marcalvolgyevt.hu\/de\/wp-json\/wp\/v2\/pages\/1651\/revisions"}],"predecessor-version":[{"id":1659,"href":"https:\/\/www.marcalvolgyevt.hu\/de\/wp-json\/wp\/v2\/pages\/1651\/revisions\/1659"}],"wp:attachment":[{"href":"https:\/\/www.marcalvolgyevt.hu\/de\/wp-json\/wp\/v2\/media?parent=1651"}],"curies":[{"name":"wp","href":"https:\/\/api.w.org\/{rel}","templated":true}]}}