{"id":1070,"date":"2023-10-02T14:18:23","date_gmt":"2023-10-02T14:18:23","guid":{"rendered":"https:\/\/www.marcalvolgyevt.hu\/?page_id=1070"},"modified":"2023-10-02T14:26:46","modified_gmt":"2023-10-02T14:26:46","slug":"adatkezelesi-tajekoztato","status":"publish","type":"page","link":"https:\/\/www.marcalvolgyevt.hu\/de\/adatkezelesi-tajekoztato\/","title":{"rendered":"Hinweis zum Datenschutz"},"content":{"rendered":"<div data-elementor-type=\"wp-page\" data-elementor-id=\"1070\" class=\"elementor elementor-1070\">\n\t\t\t\t\t\t\t\t\t<section class=\"elementor-section elementor-top-section elementor-element elementor-element-197928f elementor-section-height-min-height elementor-section-boxed elementor-section-height-default elementor-section-items-middle\" data-id=\"197928f\" data-element_type=\"section\" data-settings=\"{&quot;background_background&quot;:&quot;classic&quot;}\">\n\t\t\t\t\t\t\t<div class=\"elementor-background-overlay\"><\/div>\n\t\t\t\t\t\t\t<div class=\"elementor-container elementor-column-gap-default\">\n\t\t\t\t\t<div class=\"elementor-column elementor-col-100 elementor-top-column elementor-element elementor-element-094f879\" data-id=\"094f879\" data-element_type=\"column\">\n\t\t\t<div class=\"elementor-widget-wrap elementor-element-populated\">\n\t\t\t\t\t\t\t\t<div class=\"elementor-element elementor-element-b8a1ff9 elementor-widget elementor-widget-heading\" data-id=\"b8a1ff9\" data-element_type=\"widget\" data-widget_type=\"heading.default\">\n\t\t\t\t<div class=\"elementor-widget-container\">\n\t\t\t<style>\/*! elementor - v3.16.0 - 12-09-2023 *\/\n.elementor-heading-title{padding:0;margin:0;line-height:1}.elementor-widget-heading .elementor-heading-title[class*=elementor-size-]>a{color:inherit;font-size:inherit;line-height:inherit}.elementor-widget-heading .elementor-heading-title.elementor-size-small{font-size:15px}.elementor-widget-heading .elementor-heading-title.elementor-size-medium{font-size:19px}.elementor-widget-heading .elementor-heading-title.elementor-size-large{font-size:29px}.elementor-widget-heading .elementor-heading-title.elementor-size-xl{font-size:39px}.elementor-widget-heading .elementor-heading-title.elementor-size-xxl{font-size:59px}<\/style><h4 class=\"elementor-heading-title elementor-size-default\">Hinweis zum Datenschutz<\/h4>\t\t<\/div>\n\t\t\t\t<\/div>\n\t\t\t\t\t<\/div>\n\t\t<\/div>\n\t\t\t\t\t\t\t<\/div>\n\t\t<\/section>\n\t\t\t\t<section class=\"elementor-section elementor-top-section elementor-element elementor-element-b45c442 elementor-section-boxed elementor-section-height-default elementor-section-height-default\" data-id=\"b45c442\" data-element_type=\"section\" data-settings=\"{&quot;background_background&quot;:&quot;classic&quot;}\">\n\t\t\t\t\t\t<div class=\"elementor-container elementor-column-gap-default\">\n\t\t\t\t\t<div class=\"elementor-column elementor-col-100 elementor-top-column elementor-element elementor-element-2d9bc0a\" data-id=\"2d9bc0a\" data-element_type=\"column\">\n\t\t\t<div class=\"elementor-widget-wrap elementor-element-populated\">\n\t\t\t\t\t\t\t\t<div class=\"elementor-element elementor-element-1dfd1a4 elementor-widget elementor-widget-text-editor\" data-id=\"1dfd1a4\" data-element_type=\"widget\" data-widget_type=\"text-editor.default\">\n\t\t\t\t<div class=\"elementor-widget-container\">\n\t\t\t<style>\/*! elementor - v3.16.0 - 12-09-2023 *\/\n.elementor-widget-text-editor.elementor-drop-cap-view-stacked .elementor-drop-cap{background-color:#69727d;color:#fff}.elementor-widget-text-editor.elementor-drop-cap-view-framed .elementor-drop-cap{color:#69727d;border:3px solid;background-color:transparent}.elementor-widget-text-editor:not(.elementor-drop-cap-view-default) .elementor-drop-cap{margin-top:8px}.elementor-widget-text-editor:not(.elementor-drop-cap-view-default) .elementor-drop-cap-letter{width:1em;height:1em}.elementor-widget-text-editor .elementor-drop-cap{float:left;text-align:center;line-height:1;font-size:50px}.elementor-widget-text-editor .elementor-drop-cap-letter{display:inline-block}<\/style>\t\t\t\t<section data-id=\"ae5007b\" data-element_type=\"section\"><div><div data-id=\"fb13eb3\" data-element_type=\"column\"><div><div data-id=\"6b1919f\" data-element_type=\"widget\" data-widget_type=\"text-editor.default\"><div><section data-id=\"5e41921\" data-element_type=\"section\" data-settings=\"{\"><div><div><div data-id=\"cf8cf65\" data-element_type=\"column\"><div><div><div data-id=\"170bcf0\" data-element_type=\"widget\" data-widget_type=\"text-editor.default\"><div><div><section><div><div><div><div><div><div><div><div><div><div><div><div><div><div><div><div><p>Der Zweck dieser Datenschutzpolitik ist es, die Grunds\u00e4tze des Datenschutzes und der Datenverwaltung des Betreibers von marcalvolgyevt.hu (im Folgenden Website genannt), der Marcal Valley Hunting Association (im Folgenden Dienstleister genannt), sowie die Datenschutz- und Datenverwaltungspolitik des Dienstleisters darzulegen, die der Dienstleister als f\u00fcr sich selbst verbindlich anerkennt, da er den Schutz der pers\u00f6nlichen Daten der auf der Website registrierten Nutzer in gr\u00f6\u00dftm\u00f6glichem Umfang gew\u00e4hrleisten m\u00f6chte.<\/p><p>Mit der Nutzung der Website, der Inanspruchnahme von Diensten oder Anwendungen erkl\u00e4rt sich der Nutzer mit der Verarbeitung seiner personenbezogenen Daten gem\u00e4\u00df den Bestimmungen dieser Datenschutzerkl\u00e4rung einverstanden.<\/p><ol><li>DIE DATEN DES F\u00dcR DIE VERARBEITUNG VERANTWORTLICHEN<\/li><\/ol><p>Name: Jagdverein Marcal Valley<\/p><p>MwSt.-Nummer: 18298149-2-19<\/p><p>Telefon +36 (30) 352 9617.<\/p><p>E-Mail: <span dir=\"auto\">mike-jagd@freemail.hu<\/span><\/p><ol start=\"2\"><li>BEGRIFFSDEFINITIONEN<\/li><\/ol><p>Die in dieser Bekanntmachung verwendeten Begriffe sind gem\u00e4\u00df den Definitionen in den Auslegungsbestimmungen des Gesetzes Nr. CXII aus dem Jahr 2011 \u00fcber das Recht auf informationelle Selbstbestimmung und Informationsfreiheit (nachstehend \"Info-Gesetz\" genannt) wie folgt zu verstehen.<\/p><p>Personenbezogene Daten: Daten, die mit der betroffenen Person in Verbindung gebracht werden k\u00f6nnen, insbesondere der Name, das Kennzeichen und einer oder mehrere Faktoren, die f\u00fcr ihre physische, physiologische, psychische, wirtschaftliche, kulturelle oder soziale Identit\u00e4t spezifisch sind, sowie die R\u00fcckschl\u00fcsse, die aus den Daten auf die betroffene Person gezogen werden k\u00f6nnen;<\/p><p>Betroffene Person: jede nat\u00fcrliche Person (im Falle dieser Bekanntmachung der Nutzer), die direkt oder indirekt auf der Grundlage personenbezogener Daten identifiziert wird oder identifiziert werden kann;<\/p><p>Einwilligung: eine freiwillige, ausdr\u00fcckliche und auf angemessene Informationen gest\u00fctzte Willensbekundung der betroffenen Person, mit der sie der Verarbeitung sie betreffender personenbezogener Daten in vollem Umfang oder in Bezug auf bestimmte Vorg\u00e4nge unmissverst\u00e4ndlich zustimmt;<\/p><p>Datenverarbeitung: jeder Vorgang oder jede Reihe von Vorg\u00e4ngen, die mit Daten durchgef\u00fchrt werden, unabh\u00e4ngig vom verwendeten Verfahren, insbesondere das Erheben, das Speichern, das Aufzeichnen, die Organisation, die Aufbewahrung, die Ver\u00e4nderung, die Verwendung, das Wiederauffinden, die Weitergabe, die \u00dcbermittlung, der Abgleich oder die Verkn\u00fcpfung, die Sperrung, die L\u00f6schung oder die Vernichtung von Daten, die Verhinderung ihrer weiteren Verwendung, die Aufnahme von Fotos, Tonaufnahmen oder Bildern und k\u00f6rperlichen Merkmalen, die zur Identifizierung einer Person verwendet werden k\u00f6nnen (z. B. Fingerabdr\u00fccke, Handabdr\u00fccke, DNA-Proben, Iris-Scans);<\/p><p>Verantwortlicher f\u00fcr die Datenverarbeitung: die nat\u00fcrliche oder juristische Person oder die nicht rechtsf\u00e4hige K\u00f6rperschaft, die allein oder gemeinsam mit anderen die Zwecke der Datenverarbeitung festlegt, die Entscheidungen \u00fcber die Verarbeitung (einschlie\u00dflich der verwendeten Mittel) trifft und umsetzt oder sie \u00fcber einen Auftragsverarbeiter (im Fall dieser Bekanntmachung den Diensteanbieter) umsetzt;<\/p><p>\u00dcbertragung: Bereitstellung von Daten an einen bestimmten Dritten;<\/p><p>Offenlegung: Bereitstellung der Daten f\u00fcr jedermann;<\/p><p>Datenl\u00f6schung: Unkenntlichmachung von Daten in einer Weise, dass eine Wiederherstellung nicht mehr m\u00f6glich ist;<\/p><p>Datenmarkierung: Kennzeichnung von Daten mit einem Identifikationsmerkmal zu ihrer Unterscheidung;<\/p><p>Sperrung von Daten: Kennzeichnung von Daten mit einer Kennung, um ihre Weiterverarbeitung dauerhaft oder f\u00fcr einen begrenzten Zeitraum einzuschr\u00e4nken;<\/p><p>Datenverarbeitung: die Durchf\u00fchrung technischer Aufgaben im Zusammenhang mit Datenverarbeitungsvorg\u00e4ngen, unabh\u00e4ngig von der Methode und den Mitteln, die zur Durchf\u00fchrung der Vorg\u00e4nge verwendet werden, und dem Ort der Anwendung, sofern die technische Aufgabe an den Daten durchgef\u00fchrt wird;<\/p><p>Datenverarbeiter: eine nat\u00fcrliche oder juristische Person oder eine nicht rechtsf\u00e4hige K\u00f6rperschaft, die Daten auf der Grundlage eines Vertrags mit dem f\u00fcr die Verarbeitung Verantwortlichen, einschlie\u00dflich eines aufgrund einer Rechtsvorschrift geschlossenen Vertrags, verarbeitet;<\/p><ol start=\"3\"><li>PRINZIP DER DATENVERWALTUNG<\/li><\/ol><p>Der Leistungserbringer bearbeitet die erfassten Personendaten in \u00dcbereinstimmung mit der jeweils g\u00fcltigen Datenschutzgesetzgebung, insbesondere dem Info-Gesetz, und gem\u00e4ss dieser Information.<\/p><ol start=\"4\"><li>RECHTSGRUNDLAGE F\u00dcR DIE VERARBEITUNG<\/li><\/ol><p>Die Erhebung und Verarbeitung personenbezogener Daten im Zusammenhang mit dem Betrieb der Website und ihrer Dienste erfolgt auf der Grundlage der freiwilligen Zustimmung der betroffenen Person.<\/p><p>Der Nutzer gibt seine Zustimmung, indem er die Dienste der Website nutzt (Registrierung).<\/p><p>Der Dienstanbieter ist berechtigt, dem Nutzer einen Newsletter oder andere Werbesendungen zuzusenden, sofern der Nutzer zuvor seine eindeutige, ausdr\u00fcckliche und freiwillige Zustimmung dazu durch Angabe der entsprechenden Daten bei der Registrierung erteilt hat. Der Dienstanbieter ist nicht verpflichtet, die Richtigkeit der vom Nutzer bei der Registrierung oder anderweitig bei der Erteilung seiner Einwilligung angegebenen Daten zu \u00fcberpr\u00fcfen.<\/p><p>Der Nutzer kann seine im vorstehenden Punkt genannte freiwillige Einwilligung jederzeit widerrufen. In diesem Fall wird der Diensteanbieter dem Nutzer nach dem Widerruf keine Newsletter oder andere Werbesendungen mehr zusenden und die Daten des Nutzers aus den Daten der f\u00fcr den Newsletter angemeldeten Nutzer l\u00f6schen.<\/p><p>Soweit gesetzlich nichts anderes bestimmt ist, darf der Dienstanbieter die erhobenen personenbezogenen Daten zur Erf\u00fcllung einer rechtlichen Verpflichtung (insbesondere Abrechnungspflicht, vertragliche Verpflichtung mit dem Nutzer) oder zur Durchsetzung eigener oder fremder berechtigter Interessen, wenn die Durchsetzung dieser Interessen in einem angemessenen Verh\u00e4ltnis zu der Einschr\u00e4nkung des Rechts auf den Schutz personenbezogener Daten steht, ohne weitere ausdr\u00fcckliche Einwilligung und auch nach Widerruf der Einwilligung des Nutzers verarbeiten.<\/p><ol start=\"5\"><li>DEN UMFANG DER VERARBEITETEN DATEN<\/li><\/ol><p>Der Dienstleister verarbeitet die folgenden personenbezogenen Daten des Nutzers w\u00e4hrend und nach der Erbringung der vom Dienstleister erbrachten Dienstleistung auf der Grundlage der freiwilligen Zustimmung des Nutzers: Name, Vorname, E-Mail-Adresse.<\/p><p>Der Nutzer ist allein f\u00fcr die Wahrhaftigkeit und Richtigkeit der pers\u00f6nlichen Daten verantwortlich.<\/p><ol start=\"6\"><li>DEN ZWECK DER VERARBEITUNG<\/li><\/ol><p>Der Zweck der Verarbeitung der personenbezogenen Daten des Nutzers ist die Zusendung des unter Punkt IV genannten Newsletters und der Werbesendungen sowie die Erf\u00fcllung der sonstigen gesetzlichen Verpflichtungen des Dienstleisters. Der Dienstleister wird die personenbezogenen Daten des Nutzers nicht an unbefugte Dritte weitergeben.<\/p><ol start=\"7\"><li>DAUER DER DATENVERARBEITUNG, \u00c4NDERUNG, L\u00d6SCHUNG, EINSPRUCH GEGEN DIE DATENVERARBEITUNG<\/li><\/ol><p>Der Diensteanbieter verarbeitet die im Zusammenhang mit der Nutzung der Dienste verarbeiteten personenbezogenen Daten, bis der Zweck der Datenverarbeitung erf\u00fcllt ist.<\/p><p>Die bei der Registrierung angegebenen personenbezogenen Daten k\u00f6nnen vom Nutzer nach dem Zugriff auf die Website jederzeit ge\u00e4ndert werden.<\/p><p>Der Nutzer kann die <span class=\"x193iq5w xeuugli x13faqbe x1vvkbs xlh3980 xvmahel x1n0sxbx x1lliihq x1s928wv xhkezso x1gmr53x x1cpjm7i x1fgarty x1943h6x xudqn12 x3x7a5m x1f6kntn xvq8zen xo1l8bm xzsf02u x1yc453h\" dir=\"auto\">mike-jagd@freemail.hu<\/span> k\u00f6nnen Sie die L\u00f6schung Ihrer personenbezogenen Daten beim Dienstanbieter beantragen, indem Sie eine E-Mail an senden. Der Diensteanbieter l\u00f6scht die personenbezogenen Daten des Nutzers auch ohne dessen Aufforderung, wenn die Verarbeitung rechtswidrig ist, der Zweck der Verarbeitung weggefallen ist oder die gesetzliche Aufbewahrungsfrist abgelaufen ist oder wenn das Gericht oder die nationale Beh\u00f6rde f\u00fcr Datenschutz und Informationsfreiheit dies angeordnet hat oder wenn die Verarbeitung unvollst\u00e4ndig oder unrichtig ist - und diese Situation nicht rechtm\u00e4\u00dfig behoben werden kann -, sofern die L\u00f6schung nicht gesetzlich ausgeschlossen ist.<\/p><p>Statt die personenbezogenen Daten zu l\u00f6schen, sperrt der Dienstanbieter die personenbezogenen Daten, wenn der Nutzer dies verlangt oder wenn aufgrund der ihm vorliegenden Informationen anzunehmen ist, dass eine L\u00f6schung die berechtigten Interessen des Nutzers beeintr\u00e4chtigen w\u00fcrde. Die gesperrten personenbezogenen Daten werden vom Diensteanbieter nur so lange verarbeitet, wie der Zweck der Datenverarbeitung, der einer L\u00f6schung entgegensteht, besteht. Nach dem Widerruf der Einwilligung des Nutzers darf der Diensteanbieter die personenbezogenen Daten der betroffenen Person zur Erf\u00fcllung seiner gesetzlichen Pflichten (insbesondere Abrechnungspflichten) weiter verarbeiten.<\/p><p>Der Nutzer kann der Verarbeitung seiner personenbezogenen Daten widersprechen, indem er <span class=\"x193iq5w xeuugli x13faqbe x1vvkbs xlh3980 xvmahel x1n0sxbx x1lliihq x1s928wv xhkezso x1gmr53x x1cpjm7i x1fgarty x1943h6x xudqn12 x3x7a5m x1f6kntn xvq8zen xo1l8bm xzsf02u x1yc453h\" dir=\"auto\">mike-jagd@freemail.hu<\/span> indem Sie eine E-Mail an die folgende Adresse senden,<\/p><p>- wenn die Verarbeitung oder \u00dcbermittlung personenbezogener Daten ausschlie\u00dflich zur Erf\u00fcllung einer rechtlichen Verpflichtung, der der Diensteanbieter unterliegt, oder zur Wahrung der berechtigten Interessen des f\u00fcr die Verarbeitung Verantwortlichen, des Empf\u00e4ngers oder eines Dritten erforderlich ist, es sei denn, es handelt sich um eine so genannte obligatorische Verarbeitung;<\/p><p>- wenn die personenbezogenen Daten f\u00fcr Zwecke des Direktmarketings, der \u00f6ffentlichen Meinungsumfrage oder der wissenschaftlichen Forschung verwendet oder weitergegeben werden; und<\/p><p>- in jedem anderen gesetzlich geregelten Fall.<\/p><p>Der f\u00fcr die Verarbeitung Verantwortliche pr\u00fcft den Einspruch innerhalb einer m\u00f6glichst kurzen Frist, sp\u00e4testens jedoch innerhalb von 15 Tagen nach Eingang des Antrags, entscheidet, ob der Einspruch gerechtfertigt ist, und teilt dem Antragsteller seine Entscheidung schriftlich mit.<\/p><p>Stellt der f\u00fcr die Verarbeitung Verantwortliche fest, dass der Widerspruch der betroffenen Person gerechtfertigt ist, so stellt er die Verarbeitung ein, einschlie\u00dflich der weiteren Erhebung und \u00dcbermittlung, und sperrt die Daten, und teilt den Widerspruch und die aufgrund des Widerspruchs getroffenen Ma\u00dfnahmen allen Personen mit, denen die betroffene Person die personenbezogenen Daten zuvor mitgeteilt hat und die verpflichtet sind, Ma\u00dfnahmen zur Durchsetzung des Widerspruchsrechts zu ergreifen.<\/p><p>Ist die betroffene Person mit der Entscheidung des f\u00fcr die Verarbeitung Verantwortlichen nicht einverstanden oder h\u00e4lt der f\u00fcr die Verarbeitung Verantwortliche die 15-Tage-Frist nicht ein, so kann die betroffene Person innerhalb von 30 Tagen nach Bekanntgabe der Entscheidung oder am letzten Tag der Frist die Gerichte anrufen. Das Gericht wird von Amts wegen t\u00e4tig.<\/p><p>Erh\u00e4lt die betroffene Person die zur Aus\u00fcbung ihrer Rechte erforderlichen Daten nicht, weil sie Widerspruch eingelegt hat, so kann sie innerhalb von 15 Tagen nach der Mitteilung gerichtlich gegen den f\u00fcr die Verarbeitung Verantwortlichen vorgehen, um Zugang zu den Daten zu erhalten. Der f\u00fcr die Verarbeitung Verantwortliche kann die betroffene Person auch vor Gericht bringen.<\/p><p>Unterl\u00e4sst der f\u00fcr die Verarbeitung Verantwortliche die Mitteilung, so kann der Empf\u00e4nger von dem f\u00fcr die Verarbeitung Verantwortlichen eine Erl\u00e4uterung der Umst\u00e4nde der Nichtweitergabe der Daten verlangen, die der f\u00fcr die Verarbeitung Verantwortliche innerhalb von acht Tagen nach Eingang des Ersuchens des Empf\u00e4ngers um eine solche Erl\u00e4uterung zu erteilen hat. Im Falle eines Kl\u00e4rungsersuchens kann die betroffene Person innerhalb von 15 Tagen nach dem Tag, an dem die Kl\u00e4rung erfolgt ist, sp\u00e4testens jedoch innerhalb der Frist f\u00fcr die Kl\u00e4rung, bei einem Gericht Klage gegen den f\u00fcr die Verarbeitung Verantwortlichen erheben. Der f\u00fcr die Verarbeitung Verantwortliche kann auch gerichtlich gegen die betroffene Person vorgehen.<\/p><p>Der f\u00fcr die Verarbeitung Verantwortliche darf die Daten der betroffenen Person nicht l\u00f6schen, wenn die Verarbeitung gesetzlich vorgeschrieben ist. Die Daten d\u00fcrfen jedoch nicht an den Datenempf\u00e4nger \u00fcbermittelt werden, wenn der f\u00fcr die Verarbeitung Verantwortliche dem Widerspruch zugestimmt hat oder wenn das Gericht entschieden hat, dass der Widerspruch gerechtfertigt ist.<\/p><ol start=\"8\"><li>AUSKUNFTSERSUCHEN<\/li><\/ol><p>Der Nutzer hat das Recht, jederzeit Auskunft \u00fcber die ihn betreffenden personenbezogenen Daten zu verlangen, die vom Diensteanbieter im Zusammenhang mit den Diensten der Website verarbeitet werden, indem er sich an den Diensteanbieter wendet. <span class=\"x193iq5w xeuugli x13faqbe x1vvkbs xlh3980 xvmahel x1n0sxbx x1lliihq x1s928wv xhkezso x1gmr53x x1cpjm7i x1fgarty x1943h6x xudqn12 x3x7a5m x1f6kntn xvq8zen xo1l8bm xzsf02u x1yc453h\" dir=\"auto\">mike-jagd@freemail.hu<\/span> E-Mail oder telefonisch unter +36 (30) 352 9617. Auf Anfrage des Nutzers erteilt der Diensteanbieter Auskunft \u00fcber die vom Diensteanbieter im Zusammenhang mit dem jeweiligen Dienst verarbeiteten Daten des Nutzers, ihre Herkunft, den Zweck, die Rechtsgrundlage und die Dauer der Datenverarbeitung, den Namen und die Anschrift des Datenverarbeiters, die Rechtsgrundlage und den Empf\u00e4nger der Daten\u00fcbertragung sowie die Datenverarbeitungst\u00e4tigkeiten. Der Diensteanbieter stellt die Informationen auf Anfrage der betroffenen Person schriftlich in verst\u00e4ndlicher Form und innerhalb k\u00fcrzester Zeit, sp\u00e4testens jedoch innerhalb von 30 Tagen ab dem Datum der Anfrage zur Verf\u00fcgung. Die Auskunft ist kostenlos zu erteilen. Der Diensteanbieter betrachtet eine Anfrage, die von einer dem Diensteanbieter zuvor mitgeteilten E-Mail-Adresse eingeht, als eine Anfrage des Nutzers. Bei Anfragen von anderen E-Mail-Adressen und bei schriftlichen Anfragen kann der Nutzer nur dann eine Anfrage stellen, wenn er seine Eigenschaft als Nutzer ordnungsgem\u00e4\u00df nachgewiesen hat.<\/p><ol start=\"9\"><li>DURCHSETZUNGSOPTIONEN<\/li><\/ol><p>Der Nutzer kann seine Rechte gem\u00e4\u00df dem Informationsgesetz und dem B\u00fcrgerlichen Gesetzbuch von 1959 (Ptk.) vor Gericht geltend machen und kann sich in allen Angelegenheiten, die mit pers\u00f6nlichen Daten zusammenh\u00e4ngen, an die Nationale Beh\u00f6rde f\u00fcr Datenschutz und Informationsfreiheit wenden (1125 Budapest Szil\u00e1gyi Erzs\u00e9bet fasor 22\/C, Postanschrift: 1530 Budapest, Pf. 5., ugyfelszolgalat@naih.hu, (+36) 1 391 1400, www.naih.hu).<\/p><\/div><\/div><\/div><\/div><\/div><\/div><\/div><\/div><\/div><\/div><\/div><\/div><\/div><\/div><\/div><\/div><\/section><\/div><\/div><\/div><\/div><\/div><\/div><\/div><\/div><\/section><\/div><\/div><\/div><\/div><\/div><\/section>\t\t\t\t\t\t<\/div>\n\t\t\t\t<\/div>\n\t\t\t\t\t<\/div>\n\t\t<\/div>\n\t\t\t\t\t\t\t<\/div>\n\t\t<\/section>\n\t\t\t\t\t\t\t<\/div>","protected":false},"excerpt":{"rendered":"<p>Datenschutzpolitik Der Zweck dieser Datenschutzpolitik ist es, die Grunds\u00e4tze des Datenschutzes und der Datenverwaltung des Betreibers der Website marcalvolgyevt.hu (im Folgenden Website genannt), des Jagdvereins des Marcal-Tals (im Folgenden Dienstleister genannt), sowie die Datenschutz- und Datenverwaltungspolitik des Dienstleisters darzulegen, die der Dienstleister als f\u00fcr sich selbst verbindlich anerkennt, da er bestrebt ist, das h\u00f6chstm\u00f6gliche Niveau des Schutzes der Privatsph\u00e4re der auf der Website registrierten Nutzer sicherzustellen. <a title=\"Hinweis zum Datenschutz\" class=\"read-more\" href=\"https:\/\/www.marcalvolgyevt.hu\/de\/adatkezelesi-tajekoztato\/\" aria-label=\"Lesen Sie mehr unter Privacy Policy\">Mehr lesen<\/a><\/p>","protected":false},"author":1,"featured_media":0,"parent":0,"menu_order":0,"comment_status":"closed","ping_status":"closed","template":"elementor_header_footer","meta":{"footnotes":""},"class_list":["post-1070","page","type-page","status-publish"],"_links":{"self":[{"href":"https:\/\/www.marcalvolgyevt.hu\/de\/wp-json\/wp\/v2\/pages\/1070","targetHints":{"allow":["GET"]}}],"collection":[{"href":"https:\/\/www.marcalvolgyevt.hu\/de\/wp-json\/wp\/v2\/pages"}],"about":[{"href":"https:\/\/www.marcalvolgyevt.hu\/de\/wp-json\/wp\/v2\/types\/page"}],"author":[{"embeddable":true,"href":"https:\/\/www.marcalvolgyevt.hu\/de\/wp-json\/wp\/v2\/users\/1"}],"replies":[{"embeddable":true,"href":"https:\/\/www.marcalvolgyevt.hu\/de\/wp-json\/wp\/v2\/comments?post=1070"}],"version-history":[{"count":10,"href":"https:\/\/www.marcalvolgyevt.hu\/de\/wp-json\/wp\/v2\/pages\/1070\/revisions"}],"predecessor-version":[{"id":1081,"href":"https:\/\/www.marcalvolgyevt.hu\/de\/wp-json\/wp\/v2\/pages\/1070\/revisions\/1081"}],"wp:attachment":[{"href":"https:\/\/www.marcalvolgyevt.hu\/de\/wp-json\/wp\/v2\/media?parent=1070"}],"curies":[{"name":"wp","href":"https:\/\/api.w.org\/{rel}","templated":true}]}}